{"id":215,"date":"2022-01-17T11:37:00","date_gmt":"2022-01-17T10:37:00","guid":{"rendered":"http:\/\/rpot.odzyskacradosc.pl\/?page_id=215"},"modified":"2022-05-18T15:38:22","modified_gmt":"2022-05-18T13:38:22","slug":"aktualnosci","status":"publish","type":"page","link":"http:\/\/rpot.odzyskacradosc.pl\/index.php\/aktualnosci\/","title":{"rendered":"Aktualno\u015bci"},"content":{"rendered":"\n<p><strong>Fotorelacja ze szkolenia kadry z Metody Warnkego oraz pierwszej pomocy<\/strong><\/p>\n\n\n\n<figure class=\"wp-block-gallery has-nested-images columns-default is-cropped wp-block-gallery-1 is-layout-flex wp-block-gallery-is-layout-flex\">\n<figure class=\"wp-block-image size-large is-style-default\"><img loading=\"lazy\" decoding=\"async\" width=\"1024\" height=\"768\" data-id=\"252\" src=\"http:\/\/rpot.odzyskacradosc.pl\/wp-content\/uploads\/2022\/05\/277906967_5009727809073135_7085982250856760170_n-1024x768.jpg\" alt=\"\" class=\"wp-image-252\" srcset=\"http:\/\/rpot.odzyskacradosc.pl\/wp-content\/uploads\/2022\/05\/277906967_5009727809073135_7085982250856760170_n-1024x768.jpg 1024w, http:\/\/rpot.odzyskacradosc.pl\/wp-content\/uploads\/2022\/05\/277906967_5009727809073135_7085982250856760170_n-300x225.jpg 300w, http:\/\/rpot.odzyskacradosc.pl\/wp-content\/uploads\/2022\/05\/277906967_5009727809073135_7085982250856760170_n-768x576.jpg 768w, http:\/\/rpot.odzyskacradosc.pl\/wp-content\/uploads\/2022\/05\/277906967_5009727809073135_7085982250856760170_n-1536x1152.jpg 1536w, http:\/\/rpot.odzyskacradosc.pl\/wp-content\/uploads\/2022\/05\/277906967_5009727809073135_7085982250856760170_n.jpg 2048w\" sizes=\"auto, (max-width: 1024px) 100vw, 1024px\" \/><\/figure>\n\n\n\n<figure class=\"wp-block-image size-large is-style-default\"><img loading=\"lazy\" decoding=\"async\" width=\"1024\" height=\"768\" data-id=\"254\" src=\"http:\/\/rpot.odzyskacradosc.pl\/wp-content\/uploads\/2022\/05\/277971807_391062762878242_1625062769543748683_n-1024x768.jpg\" alt=\"\" class=\"wp-image-254\" srcset=\"http:\/\/rpot.odzyskacradosc.pl\/wp-content\/uploads\/2022\/05\/277971807_391062762878242_1625062769543748683_n-1024x768.jpg 1024w, http:\/\/rpot.odzyskacradosc.pl\/wp-content\/uploads\/2022\/05\/277971807_391062762878242_1625062769543748683_n-300x225.jpg 300w, http:\/\/rpot.odzyskacradosc.pl\/wp-content\/uploads\/2022\/05\/277971807_391062762878242_1625062769543748683_n-768x576.jpg 768w, http:\/\/rpot.odzyskacradosc.pl\/wp-content\/uploads\/2022\/05\/277971807_391062762878242_1625062769543748683_n-1536x1152.jpg 1536w, http:\/\/rpot.odzyskacradosc.pl\/wp-content\/uploads\/2022\/05\/277971807_391062762878242_1625062769543748683_n.jpg 2048w\" sizes=\"auto, (max-width: 1024px) 100vw, 1024px\" \/><\/figure>\n\n\n\n<figure class=\"wp-block-image size-large is-style-default\"><img loading=\"lazy\" decoding=\"async\" width=\"768\" height=\"1024\" data-id=\"256\" src=\"http:\/\/rpot.odzyskacradosc.pl\/wp-content\/uploads\/2022\/05\/278119473_693532221695875_9202036435053541128_n-768x1024.jpg\" alt=\"\" class=\"wp-image-256\" srcset=\"http:\/\/rpot.odzyskacradosc.pl\/wp-content\/uploads\/2022\/05\/278119473_693532221695875_9202036435053541128_n-768x1024.jpg 768w, http:\/\/rpot.odzyskacradosc.pl\/wp-content\/uploads\/2022\/05\/278119473_693532221695875_9202036435053541128_n-225x300.jpg 225w, http:\/\/rpot.odzyskacradosc.pl\/wp-content\/uploads\/2022\/05\/278119473_693532221695875_9202036435053541128_n-1152x1536.jpg 1152w, http:\/\/rpot.odzyskacradosc.pl\/wp-content\/uploads\/2022\/05\/278119473_693532221695875_9202036435053541128_n.jpg 1536w\" sizes=\"auto, (max-width: 768px) 100vw, 768px\" \/><\/figure>\n\n\n\n<figure class=\"wp-block-image size-large is-style-default\"><img loading=\"lazy\" decoding=\"async\" width=\"1024\" height=\"768\" data-id=\"255\" src=\"http:\/\/rpot.odzyskacradosc.pl\/wp-content\/uploads\/2022\/05\/278668004_537169204427923_1789781317010769750_n-1024x768.jpg\" alt=\"\" class=\"wp-image-255\" srcset=\"http:\/\/rpot.odzyskacradosc.pl\/wp-content\/uploads\/2022\/05\/278668004_537169204427923_1789781317010769750_n-1024x768.jpg 1024w, http:\/\/rpot.odzyskacradosc.pl\/wp-content\/uploads\/2022\/05\/278668004_537169204427923_1789781317010769750_n-300x225.jpg 300w, http:\/\/rpot.odzyskacradosc.pl\/wp-content\/uploads\/2022\/05\/278668004_537169204427923_1789781317010769750_n-768x576.jpg 768w, http:\/\/rpot.odzyskacradosc.pl\/wp-content\/uploads\/2022\/05\/278668004_537169204427923_1789781317010769750_n-1536x1152.jpg 1536w, http:\/\/rpot.odzyskacradosc.pl\/wp-content\/uploads\/2022\/05\/278668004_537169204427923_1789781317010769750_n.jpg 2048w\" sizes=\"auto, (max-width: 1024px) 100vw, 1024px\" \/><\/figure>\n\n\n\n<figure class=\"wp-block-image size-large is-style-default\"><img loading=\"lazy\" decoding=\"async\" width=\"1024\" height=\"768\" data-id=\"253\" src=\"http:\/\/rpot.odzyskacradosc.pl\/wp-content\/uploads\/2022\/05\/278787250_1407865036327029_9070013523825291987_n-1024x768.jpg\" alt=\"\" class=\"wp-image-253\" srcset=\"http:\/\/rpot.odzyskacradosc.pl\/wp-content\/uploads\/2022\/05\/278787250_1407865036327029_9070013523825291987_n-1024x768.jpg 1024w, http:\/\/rpot.odzyskacradosc.pl\/wp-content\/uploads\/2022\/05\/278787250_1407865036327029_9070013523825291987_n-300x225.jpg 300w, http:\/\/rpot.odzyskacradosc.pl\/wp-content\/uploads\/2022\/05\/278787250_1407865036327029_9070013523825291987_n-768x576.jpg 768w, http:\/\/rpot.odzyskacradosc.pl\/wp-content\/uploads\/2022\/05\/278787250_1407865036327029_9070013523825291987_n-1536x1152.jpg 1536w, http:\/\/rpot.odzyskacradosc.pl\/wp-content\/uploads\/2022\/05\/278787250_1407865036327029_9070013523825291987_n.jpg 2048w\" sizes=\"auto, (max-width: 1024px) 100vw, 1024px\" \/><\/figure>\n\n\n\n<figure class=\"wp-block-image size-large is-style-default\"><img loading=\"lazy\" decoding=\"async\" width=\"1024\" height=\"768\" data-id=\"258\" src=\"http:\/\/rpot.odzyskacradosc.pl\/wp-content\/uploads\/2022\/05\/278788151_522811862568037_5623649991540392757_n-1024x768.jpg\" alt=\"\" class=\"wp-image-258\" srcset=\"http:\/\/rpot.odzyskacradosc.pl\/wp-content\/uploads\/2022\/05\/278788151_522811862568037_5623649991540392757_n-1024x768.jpg 1024w, http:\/\/rpot.odzyskacradosc.pl\/wp-content\/uploads\/2022\/05\/278788151_522811862568037_5623649991540392757_n-300x225.jpg 300w, http:\/\/rpot.odzyskacradosc.pl\/wp-content\/uploads\/2022\/05\/278788151_522811862568037_5623649991540392757_n-768x576.jpg 768w, http:\/\/rpot.odzyskacradosc.pl\/wp-content\/uploads\/2022\/05\/278788151_522811862568037_5623649991540392757_n-1536x1152.jpg 1536w, http:\/\/rpot.odzyskacradosc.pl\/wp-content\/uploads\/2022\/05\/278788151_522811862568037_5623649991540392757_n.jpg 2048w\" sizes=\"auto, (max-width: 1024px) 100vw, 1024px\" \/><\/figure>\n\n\n\n<figure class=\"wp-block-image size-large is-style-default\"><img loading=\"lazy\" decoding=\"async\" width=\"1024\" height=\"768\" data-id=\"259\" src=\"http:\/\/rpot.odzyskacradosc.pl\/wp-content\/uploads\/2022\/05\/278797056_500605908275412_3386594640269716811_n-1024x768.jpg\" alt=\"\" class=\"wp-image-259\" srcset=\"http:\/\/rpot.odzyskacradosc.pl\/wp-content\/uploads\/2022\/05\/278797056_500605908275412_3386594640269716811_n-1024x768.jpg 1024w, http:\/\/rpot.odzyskacradosc.pl\/wp-content\/uploads\/2022\/05\/278797056_500605908275412_3386594640269716811_n-300x225.jpg 300w, http:\/\/rpot.odzyskacradosc.pl\/wp-content\/uploads\/2022\/05\/278797056_500605908275412_3386594640269716811_n-768x576.jpg 768w, http:\/\/rpot.odzyskacradosc.pl\/wp-content\/uploads\/2022\/05\/278797056_500605908275412_3386594640269716811_n-1536x1152.jpg 1536w, http:\/\/rpot.odzyskacradosc.pl\/wp-content\/uploads\/2022\/05\/278797056_500605908275412_3386594640269716811_n.jpg 2048w\" sizes=\"auto, (max-width: 1024px) 100vw, 1024px\" \/><\/figure>\n\n\n\n<figure class=\"wp-block-image size-large is-style-default\"><img loading=\"lazy\" decoding=\"async\" width=\"1024\" height=\"768\" data-id=\"260\" src=\"http:\/\/rpot.odzyskacradosc.pl\/wp-content\/uploads\/2022\/05\/278886201_404922231142991_6782851550821781526_n-1024x768.jpg\" alt=\"\" class=\"wp-image-260\" srcset=\"http:\/\/rpot.odzyskacradosc.pl\/wp-content\/uploads\/2022\/05\/278886201_404922231142991_6782851550821781526_n-1024x768.jpg 1024w, http:\/\/rpot.odzyskacradosc.pl\/wp-content\/uploads\/2022\/05\/278886201_404922231142991_6782851550821781526_n-300x225.jpg 300w, http:\/\/rpot.odzyskacradosc.pl\/wp-content\/uploads\/2022\/05\/278886201_404922231142991_6782851550821781526_n-768x576.jpg 768w, http:\/\/rpot.odzyskacradosc.pl\/wp-content\/uploads\/2022\/05\/278886201_404922231142991_6782851550821781526_n-1536x1152.jpg 1536w, http:\/\/rpot.odzyskacradosc.pl\/wp-content\/uploads\/2022\/05\/278886201_404922231142991_6782851550821781526_n.jpg 2048w\" sizes=\"auto, (max-width: 1024px) 100vw, 1024px\" \/><\/figure>\n<\/figure>\n\n\n\n<hr class=\"wp-block-separator\"\/>\n\n\n\n<div class=\"wp-block-columns alignwide are-vertically-aligned-center is-layout-flex wp-container-core-columns-is-layout-9d6595d7 wp-block-columns-is-layout-flex\">\n<div class=\"wp-block-column is-layout-flow wp-block-column-is-layout-flow\" style=\"flex-basis:26%\">\n<figure class=\"wp-block-gallery has-nested-images columns-default is-cropped wp-block-gallery-2 is-layout-flex wp-block-gallery-is-layout-flex\">\n<figure class=\"wp-block-image size-full is-style-default\"><img loading=\"lazy\" decoding=\"async\" width=\"810\" height=\"1080\" data-id=\"228\" src=\"http:\/\/rpot.odzyskacradosc.pl\/wp-content\/uploads\/2022\/01\/img-5621-1.jpg\" alt=\"\" class=\"wp-image-228\" srcset=\"http:\/\/rpot.odzyskacradosc.pl\/wp-content\/uploads\/2022\/01\/img-5621-1.jpg 810w, http:\/\/rpot.odzyskacradosc.pl\/wp-content\/uploads\/2022\/01\/img-5621-1-225x300.jpg 225w, http:\/\/rpot.odzyskacradosc.pl\/wp-content\/uploads\/2022\/01\/img-5621-1-768x1024.jpg 768w\" sizes=\"auto, (max-width: 810px) 100vw, 810px\" \/><figcaption><em><sub>Fot: https:\/\/mcps.com.pl\/<\/sub><\/em><\/figcaption><\/figure>\n<\/figure>\n<\/div>\n\n\n\n<div class=\"wp-block-column is-layout-flow wp-block-column-is-layout-flow\" style=\"flex-basis:74%\">\n<p class=\"has-large-font-size\"><strong>Nowa specjalistyczna plac\u00f3wka dla dzieci w pieczy zast\u0119pczej<\/strong><\/p>\n\n\n\n<div class=\"wp-block-group\"><div class=\"wp-block-group__inner-container is-layout-flow wp-block-group-is-layout-flow\"><div class=\"wp-block-post-date has-text-color has-vivid-cyan-blue-color\"><time datetime=\"2022-01-17T11:37:00+01:00\">17 stycznia 2022<\/time><\/div><\/div><\/div>\n\n\n\n<p>Na Mazowszu powsta\u0142a pierwsza regionalna plac\u00f3wka opieku\u0144czo-terapeutyczna (RPOT). To taka forma pieczy zast\u0119pczej, w kt\u00f3rej dzieci ze szczeg\u00f3lnymi potrzebami b\u0119d\u0105 mog\u0142y liczy\u0107 na specjalistyczn\u0105 opiek\u0119. Na zlecenie samorz\u0105du wojew\u00f3dztwa w najbli\u017cszym czasie w Kraszewie-Czubakach (gmina Raci\u0105\u017c) poprowadzi j\u0105 Fundacja Odzyska\u0107 Rado\u015b\u0107 &#8230;<\/p>\n\n\n\n<p><a rel=\"noreferrer noopener\" href=\"https:\/\/mcps.com.pl\/informacje-prasowe\/nowa-specjalistyczna-placowka-dla-dzieci-w-pieczy-zastepczej\/\" data-type=\"URL\" data-id=\"https:\/\/mcps.com.pl\/informacje-prasowe\/nowa-specjalistyczna-placowka-dla-dzieci-w-pieczy-zastepczej\/\" target=\"_blank\"><strong><span class=\"has-inline-color has-vivid-cyan-blue-color\">Wi\u0119cej<\/span><\/strong><\/a> <\/p>\n<\/div>\n<\/div>\n\n\n\n<p><\/p>\n\n\n\n<p><\/p>\n","protected":false},"excerpt":{"rendered":"<p>Fotorelacja ze szkolenia kadry z Metody Warnkego oraz pierwszej pomocy Nowa specjalistyczna plac\u00f3wka dla dzieci w pieczy zast\u0119pczej Na Mazowszu &hellip; <\/p>\n","protected":false},"author":1,"featured_media":0,"parent":0,"menu_order":0,"comment_status":"closed","ping_status":"closed","template":"","meta":{"footnotes":""},"class_list":["post-215","page","type-page","status-publish","hentry"],"_links":{"self":[{"href":"http:\/\/rpot.odzyskacradosc.pl\/index.php\/wp-json\/wp\/v2\/pages\/215","targetHints":{"allow":["GET"]}}],"collection":[{"href":"http:\/\/rpot.odzyskacradosc.pl\/index.php\/wp-json\/wp\/v2\/pages"}],"about":[{"href":"http:\/\/rpot.odzyskacradosc.pl\/index.php\/wp-json\/wp\/v2\/types\/page"}],"author":[{"embeddable":true,"href":"http:\/\/rpot.odzyskacradosc.pl\/index.php\/wp-json\/wp\/v2\/users\/1"}],"replies":[{"embeddable":true,"href":"http:\/\/rpot.odzyskacradosc.pl\/index.php\/wp-json\/wp\/v2\/comments?post=215"}],"version-history":[{"count":13,"href":"http:\/\/rpot.odzyskacradosc.pl\/index.php\/wp-json\/wp\/v2\/pages\/215\/revisions"}],"predecessor-version":[{"id":279,"href":"http:\/\/rpot.odzyskacradosc.pl\/index.php\/wp-json\/wp\/v2\/pages\/215\/revisions\/279"}],"wp:attachment":[{"href":"http:\/\/rpot.odzyskacradosc.pl\/index.php\/wp-json\/wp\/v2\/media?parent=215"}],"curies":[{"name":"wp","href":"https:\/\/api.w.org\/{rel}","templated":true}]}}