{"id":44,"date":"2021-12-29T09:03:19","date_gmt":"2021-12-29T08:03:19","guid":{"rendered":"http:\/\/rpot.odzyskacradosc.pl\/?page_id=44"},"modified":"2022-01-18T11:06:56","modified_gmt":"2022-01-18T10:06:56","slug":"kontakt","status":"publish","type":"page","link":"http:\/\/rpot.odzyskacradosc.pl\/index.php\/kontakt\/","title":{"rendered":"Kontakt"},"content":{"rendered":"\n<p class=\"has-text-align-left\"><strong>Regionalna Plac\u00f3wka Opieku\u0144czo-Terapeutyczna<\/strong><br><strong>&#8222;Odzyska\u0107 Rado\u015b\u0107&#8221;<\/strong><br>Kraszewo-Czubaki 23b<br>09-140 Raci\u0105\u017c<br>gm. Raci\u0105\u017c, pow. p\u0142o\u0144ski, woj. mazowieckie<\/p>\n\n\n\n<p class=\"has-text-align-left\"><br><strong>Kontakt:<\/strong> 889 87 68 83<br><strong>Sekretariat<\/strong>:\u00a022 749 10 85<\/p>\n\n\n\n<p><\/p>\n\n\n\n<p class=\"has-text-align-left\"><strong>Formularz kontaktowy<\/strong>:<\/p>\n\n\n\n<div class=\"wp-block-columns is-layout-flex wp-container-core-columns-is-layout-9d6595d7 wp-block-columns-is-layout-flex\">\n<div class=\"wp-block-column is-layout-flow wp-block-column-is-layout-flow\" style=\"flex-basis:100%\">\n<div class=\"wp-block-contact-form-7-contact-form-selector\"><div role=\"form\" class=\"wpcf7\" id=\"wpcf7-f116-o1\" lang=\"pl-PL\" dir=\"ltr\">\n<div class=\"screen-reader-response\"><p role=\"status\" aria-live=\"polite\" aria-atomic=\"true\"><\/p> <ul><\/ul><\/div>\n<form action=\"\/index.php\/wp-json\/wp\/v2\/pages\/44#wpcf7-f116-o1\" method=\"post\" class=\"wpcf7-form init\" novalidate=\"novalidate\" data-status=\"init\">\n<div style=\"display: none;\">\n<input type=\"hidden\" name=\"_wpcf7\" value=\"116\" \/>\n<input type=\"hidden\" name=\"_wpcf7_version\" value=\"5.5.3\" \/>\n<input type=\"hidden\" name=\"_wpcf7_locale\" value=\"pl_PL\" \/>\n<input type=\"hidden\" name=\"_wpcf7_unit_tag\" value=\"wpcf7-f116-o1\" \/>\n<input type=\"hidden\" name=\"_wpcf7_container_post\" value=\"0\" \/>\n<input type=\"hidden\" name=\"_wpcf7_posted_data_hash\" value=\"\" \/>\n<\/div>\n<p><label> Twoje imi\u0119 i nazwisko<br \/>\n    <span class=\"wpcf7-form-control-wrap your-name\"><input type=\"text\" name=\"your-name\" value=\"\" size=\"40\" class=\"wpcf7-form-control wpcf7-text wpcf7-validates-as-required\" aria-required=\"true\" aria-invalid=\"false\" \/><\/span> <\/label><\/p>\n<p><label> Tw\u00f3j adres e-mail<br \/>\n    <span class=\"wpcf7-form-control-wrap your-email\"><input type=\"email\" name=\"your-email\" value=\"\" size=\"40\" class=\"wpcf7-form-control wpcf7-text wpcf7-email wpcf7-validates-as-required wpcf7-validates-as-email\" aria-required=\"true\" aria-invalid=\"false\" \/><\/span> <\/label><\/p>\n<p><label> Telefon<br \/>\n    <span class=\"wpcf7-form-control-wrap your-subject\"><input type=\"text\" name=\"your-subject\" value=\"\" size=\"40\" class=\"wpcf7-form-control wpcf7-text wpcf7-validates-as-required\" aria-required=\"true\" aria-invalid=\"false\" \/><\/span> <\/label><\/p>\n<p><label> Twoja wiadomo\u015b\u0107 (opcjonalne)<br \/>\n    <span class=\"wpcf7-form-control-wrap your-message\"><textarea name=\"your-message\" cols=\"40\" rows=\"10\" class=\"wpcf7-form-control wpcf7-textarea\" aria-invalid=\"false\"><\/textarea><\/span> <\/label><\/p>\n<p><input type=\"submit\" value=\"Wy\u015blij\" class=\"wpcf7-form-control has-spinner wpcf7-submit\" \/><\/p>\n<div class=\"wpcf7-response-output\" aria-hidden=\"true\"><\/div><\/form><\/div><\/div>\n<\/div>\n<\/div>\n","protected":false},"excerpt":{"rendered":"<p>Regionalna Plac\u00f3wka Opieku\u0144czo-Terapeutyczna&#8222;Odzyska\u0107 Rado\u015b\u0107&#8221;Kraszewo-Czubaki 23b09-140 Raci\u0105\u017cgm. Raci\u0105\u017c, pow. p\u0142o\u0144ski, woj. mazowieckie Kontakt: 889 87 68 83Sekretariat:\u00a022 749 10 85 Formularz &hellip; <\/p>\n","protected":false},"author":1,"featured_media":0,"parent":0,"menu_order":0,"comment_status":"closed","ping_status":"closed","template":"","meta":{"footnotes":""},"class_list":["post-44","page","type-page","status-publish","hentry"],"_links":{"self":[{"href":"http:\/\/rpot.odzyskacradosc.pl\/index.php\/wp-json\/wp\/v2\/pages\/44","targetHints":{"allow":["GET"]}}],"collection":[{"href":"http:\/\/rpot.odzyskacradosc.pl\/index.php\/wp-json\/wp\/v2\/pages"}],"about":[{"href":"http:\/\/rpot.odzyskacradosc.pl\/index.php\/wp-json\/wp\/v2\/types\/page"}],"author":[{"embeddable":true,"href":"http:\/\/rpot.odzyskacradosc.pl\/index.php\/wp-json\/wp\/v2\/users\/1"}],"replies":[{"embeddable":true,"href":"http:\/\/rpot.odzyskacradosc.pl\/index.php\/wp-json\/wp\/v2\/comments?post=44"}],"version-history":[{"count":12,"href":"http:\/\/rpot.odzyskacradosc.pl\/index.php\/wp-json\/wp\/v2\/pages\/44\/revisions"}],"predecessor-version":[{"id":214,"href":"http:\/\/rpot.odzyskacradosc.pl\/index.php\/wp-json\/wp\/v2\/pages\/44\/revisions\/214"}],"wp:attachment":[{"href":"http:\/\/rpot.odzyskacradosc.pl\/index.php\/wp-json\/wp\/v2\/media?parent=44"}],"curies":[{"name":"wp","href":"https:\/\/api.w.org\/{rel}","templated":true}]}}